{"id":1101,"date":"2023-02-06T08:44:25","date_gmt":"2023-02-06T08:44:25","guid":{"rendered":"https:\/\/keke.se.vkube.cloud\/om-nordisk-bergteknik\/strategi-och-affarsmodell\/"},"modified":"2023-02-09T10:32:49","modified_gmt":"2023-02-09T10:32:49","slug":"strategi-och-affarsmodell","status":"publish","type":"page","link":"https:\/\/nordiskbergteknik.se\/en\/strategi-och-affarsmodell\/","title":{"rendered":"Strategi och aff\u00e4rsmodell"},"content":{"rendered":"<p>Nordisk Bergteknik \u00e4r en strategisk partner i valda nischer p\u00e5 marknaden f\u00f6r anl\u00e4ggnings- och entreprenadtj\u00e4nster inom infrastruktur och gruvindustri. Koncernen, som idag \u00e4r norra Europas st\u00f6rsta helhetsakt\u00f6r inom berghantering och grundl\u00e4ggning, har 24 operationella bolag med starka positioner och varum\u00e4rken p\u00e5 den regionala marknaden runt om i Sverige och Norge.<\/p>\n<p>Inom koncernen finns bolag vars erfarenhet str\u00e4cker sig tillbaka \u00e4nda till 1960-talet. Basen \u00e4r kunskap, kompetens och trygghet med en st\u00e4ndig str\u00e4van efter att utf\u00f6ra uppdragen till mycket h\u00f6g kvalitet och s\u00e4kerhet.<\/p>\n<h2>God underliggande tillv\u00e4xt<\/h2>\n<p>Nordisk Bergteknik verkar p\u00e5 en marknad med god underliggande tillv\u00e4xt och v\u00e5ra kunder \u00e4r huvudsakligen privata bolag med inriktning mot offentlig sektor och samh\u00e4llsgemensam infrastruktur. Milj\u00f6 och s\u00e4kerhet \u00e4r av st\u00f6rsta vikt i v\u00e5rt arbete. V\u00e5r personal, f\u00f6r n\u00e4rvarande \u00f6ver 1000 medarbetare, \u00e4r v\u00e4lutbildad och f\u00f6ljer g\u00e4llande milj\u00f6- och s\u00e4kerhetskrav. Vi \u00e4r ocks\u00e5 stolta \u00f6ver att ha en av de st\u00f6rsta och modernaste maskinparkerna i v\u00e4rlden f\u00f6r v\u00e5r bransch. N\u00e5got som inte bara g\u00f6r oss effektiva utan ocks\u00e5 ger m\u00e5nga milj\u00f6m\u00e4ssiga f\u00f6rdelar i v\u00e5rt arbete.<\/p>\n<p>Vi \u00e4r vana vid alla sorters milj\u00f6er och arbetar i b\u00e5de mindre uppdrag och stora projekt. Vi erbjuder tj\u00e4nster b\u00e5de ovan och under jord. Vi str\u00e4var efter att ha en v\u00e4lunderh\u00e5llen och modern flotta f\u00f6r att h\u00e5lla arbetsmilj\u00f6n och drifts\u00e4kerheten i topp.<\/p>\n<h3>Organisk tillv\u00e4xt samt f\u00f6rv\u00e4rv<\/h3>\n<p>Nordisk Bergteknik bildades 2016 av huvud\u00e4garen Pegroco Invest och har sedan grundandet kontinuerligt expanderat b\u00e5de via organisk tillv\u00e4xt och genom 22 f\u00f6rv\u00e4rv. Den finansiella rapporteringen sker via de tre segmenten \u2013 Berg Sverige, Berg Norge och Grund Sverige.<\/p>\n<p>Nettooms\u00e4ttningen f\u00f6r hel\u00e5ret 2021 uppgick till 1 917 MSEK, med en EBIT-marginal om 6,2 % och en justerad EBIT-marginal om 7,0%.<\/p>","protected":false},"excerpt":{"rendered":"<p>Nordisk Bergteknik \u00e4r en strategisk partner i valda nischer p\u00e5 marknaden f\u00f6r anl\u00e4ggnings- och entreprenadtj\u00e4nster inom infrastruktur och gruvindustri. Koncernen, som idag \u00e4r norra Europas st\u00f6rsta helhetsakt\u00f6r inom berghantering och grundl\u00e4ggning, har 24 operationella bolag med starka positioner och varum\u00e4rken p\u00e5 den regionala marknaden runt om i Sverige och Norge.<\/p>","protected":false},"author":1,"featured_media":264,"parent":0,"menu_order":0,"comment_status":"closed","ping_status":"closed","template":"","meta":{"_acf_changed":false,"footnotes":""},"class_list":["post-1101","page","type-page","status-publish","has-post-thumbnail","hentry"],"acf":[],"_links":{"self":[{"href":"https:\/\/nordiskbergteknik.se\/en\/wp-json\/wp\/v2\/pages\/1101","targetHints":{"allow":["GET"]}}],"collection":[{"href":"https:\/\/nordiskbergteknik.se\/en\/wp-json\/wp\/v2\/pages"}],"about":[{"href":"https:\/\/nordiskbergteknik.se\/en\/wp-json\/wp\/v2\/types\/page"}],"author":[{"embeddable":true,"href":"https:\/\/nordiskbergteknik.se\/en\/wp-json\/wp\/v2\/users\/1"}],"replies":[{"embeddable":true,"href":"https:\/\/nordiskbergteknik.se\/en\/wp-json\/wp\/v2\/comments?post=1101"}],"version-history":[{"count":0,"href":"https:\/\/nordiskbergteknik.se\/en\/wp-json\/wp\/v2\/pages\/1101\/revisions"}],"wp:featuredmedia":[{"embeddable":true,"href":"https:\/\/nordiskbergteknik.se\/en\/wp-json\/wp\/v2\/media\/264"}],"wp:attachment":[{"href":"https:\/\/nordiskbergteknik.se\/en\/wp-json\/wp\/v2\/media?parent=1101"}],"curies":[{"name":"wp","href":"https:\/\/api.w.org\/{rel}","templated":true}]}}